{"id":2848,"date":"2022-04-20T16:41:13","date_gmt":"2022-04-20T14:41:13","guid":{"rendered":"https:\/\/istrabuggy.com\/recenzije-nasih-avanturista\/"},"modified":"2024-04-19T10:15:30","modified_gmt":"2024-04-19T08:15:30","slug":"recenzije-nasih-avanturista","status":"publish","type":"page","link":"https:\/\/istrabuggy.com\/hr\/recenzije-nasih-avanturista\/","title":{"rendered":"Recenzije na\u0161ih avanturista"},"content":{"rendered":"<p><div class=\"fusion-fullwidth fullwidth-box fusion-builder-row-1 fusion-flex-container nonhundred-percent-fullwidth non-hundred-percent-height-scrolling\" style=\"--awb-border-radius-top-left:0px;--awb-border-radius-top-right:0px;--awb-border-radius-bottom-right:0px;--awb-border-radius-bottom-left:0px;--awb-padding-top:20px;--awb-padding-bottom:50px;--awb-flex-wrap:wrap;\" ><div class=\"fusion-builder-row fusion-row fusion-flex-align-items-flex-start fusion-flex-content-wrap\" style=\"max-width:1393.6px;margin-left: calc(-4% \/ 2 );margin-right: calc(-4% \/ 2 );\"><div class=\"fusion-layout-column fusion_builder_column fusion-builder-column-0 fusion_builder_column_1_1 1_1 fusion-flex-column\" style=\"--awb-bg-size:cover;--awb-width-large:100%;--awb-margin-top-large:0px;--awb-spacing-right-large:1.92%;--awb-margin-bottom-large:0px;--awb-spacing-left-large:1.92%;--awb-width-medium:100%;--awb-order-medium:0;--awb-spacing-right-medium:1.92%;--awb-spacing-left-medium:1.92%;--awb-width-small:100%;--awb-order-small:0;--awb-spacing-right-small:1.92%;--awb-spacing-left-small:1.92%;\"><div class=\"fusion-column-wrapper fusion-column-has-shadow fusion-flex-justify-content-flex-start fusion-content-layout-column\"><div class=\"fusion-title title fusion-title-1 fusion-sep-none fusion-title-center fusion-title-text fusion-title-size-div\" style=\"--awb-text-color:var(--awb-color5);--awb-margin-bottom:5px;--awb-font-size:var(--awb-typography2-font-size);\"><div class=\"fusion-title-heading title-heading-center title-heading-tag fusion-responsive-typography-calculated\" style=\"font-family:var(--awb-typography2-font-family);font-weight:var(--awb-typography2-font-weight);font-style:var(--awb-typography2-font-style);margin:0;font-size:1em;letter-spacing:var(--awb-typography2-letter-spacing);text-transform:var(--awb-typography2-text-transform);--fontSize:30;line-height:var(--awb-typography2-line-height);\">Nadamo se da se vidimo ponovo!<\/div><\/div><div class=\"fusion-title title fusion-title-2 fusion-sep-none fusion-title-center fusion-title-text fusion-title-size-two\"><h2 class=\"fusion-title-heading title-heading-center fusion-responsive-typography-calculated\" style=\"margin:0;text-transform:capitalize;--fontSize:54;line-height:var(--awb-typography1-line-height);\">Recenzije na\u0161ih avanturista<\/h2><\/div><div class=\"fusion-separator\" style=\"align-self: center;margin-left: auto;margin-right: auto;margin-top:15px;margin-bottom:50px;width:100%;max-width:80px;\"><div class=\"fusion-separator-border sep-single sep-solid\" style=\"--awb-height:20px;--awb-amount:20px;border-color:var(--awb-color6);border-top-width:2px;\"><\/div><\/div><div class=\"fusion-text fusion-text-1\"><p><span style=\"font-weight: 400;\">Ovdje mo\u017eete prona\u0107i iskrene dojmove i iskustva onih koji su ve\u0107 bili dio na\u0161e buggy avanture po Istri. Svaka recenzija je prozor u svijet uzbu\u0111enja, otkri\u0107a i nezaboravnih trenutaka koje nudimo.<\/span><\/p>\n<p><span style=\"font-weight: 400;\">Na\u0161i gosti su na\u0161a najve\u0107a inspiracija i motivacija da svakim danom budemo jo\u0161 bolji. Od vo\u017enji kroz skrivene staze i istra\u017eivanja drevnih povijesnih mjesta, do u\u017eivanja u spektakularnim zalascima sunca i osje\u0107aja slobode dok jurimo istarskim krajolicima &#8211; va\u0161e pri\u010de su ono \u0161to \u010dini ovu avanturu \u017eivom.<\/span><\/p>\n<p><span style=\"font-weight: 400;\">Zahvalni smo na svakom osmijehu koji smo izmamili, svakom adrenalinu koji smo podigli i svakoj uspomeni koju smo zajedno stvorili. Va\u0161e recenzije su dokaz da radimo pravu stvar, i motivacija da nastavimo jo\u0161 ja\u010de.<\/span><\/p>\n<p><span style=\"font-weight: 400;\">Podijelite svoje do\u017eivljaje, savjete i preporuke s budu\u0107im avanturistima. Va\u0161e rije\u010di poma\u017eu drugima da osjete duh Istre na jedinstven na\u010din &#8211; kroz na\u0161e buggy ture.<\/span><\/p>\n<p><span style=\"font-weight: 400;\">Hvala svima koji su odvojili vreme da nas ocijene i podijele svoje avanture. Va\u0161e povratne informacije \u010dine nas ponosnima i poti\u010du nas da svakoj novoj grupi gostiju pru\u017eimo iskustvo koje \u0107e dugo pamtiti.<\/span><\/p>\n<p><span style=\"font-weight: 400;\">Za sve one koji razmi\u0161ljaju o uklju\u010divanju u na\u0161u avanturu, ove stranice su va\u0161 prvi korak u otkrivanju \u0161to vas sve \u010deka. Pro\u010ditajte, istra\u017eite i prepustite se uzbu\u0111enju koje samo Istra mo\u017ee ponuditi. Vidimo se na stazama!<\/span><\/p>\n<\/div><div class=\"fusion-text fusion-text-2\"><h3 class=\"fusion-responsive-typography-calculated\" style=\"text-align: center; --fontsize: 40; line-height: 1.2;\" data-fontsize=\"40\" data-lineheight=\"48px\"><a href=\"https:\/\/g.page\/r\/CZyvgO2MNKFVEAI\/review\" target=\"_blank\" rel=\"noopener noreferrer\">&gt;&gt;&gt; Kliknite ovdje da nam napi\u0161ete recenziju na Google-u &lt;&lt;&lt;<\/a><\/h3>\n<\/div><\/div><\/div><\/div><\/div><div class=\"fusion-fullwidth fullwidth-box fusion-builder-row-2 fusion-flex-container nonhundred-percent-fullwidth non-hundred-percent-height-scrolling\" style=\"--awb-border-radius-top-left:0px;--awb-border-radius-top-right:0px;--awb-border-radius-bottom-right:0px;--awb-border-radius-bottom-left:0px;--awb-flex-wrap:wrap;\" ><div class=\"fusion-builder-row fusion-row fusion-flex-align-items-flex-start fusion-flex-content-wrap\" style=\"max-width:1393.6px;margin-left: calc(-4% \/ 2 );margin-right: calc(-4% \/ 2 );\"><div class=\"fusion-layout-column fusion_builder_column fusion-builder-column-1 fusion_builder_column_1_1 1_1 fusion-flex-column\" style=\"--awb-bg-size:cover;--awb-width-large:100%;--awb-margin-top-large:0px;--awb-spacing-right-large:1.92%;--awb-margin-bottom-large:20px;--awb-spacing-left-large:1.92%;--awb-width-medium:100%;--awb-order-medium:0;--awb-spacing-right-medium:1.92%;--awb-spacing-left-medium:1.92%;--awb-width-small:100%;--awb-order-small:0;--awb-spacing-right-small:1.92%;--awb-spacing-left-small:1.92%;\"><div class=\"fusion-column-wrapper fusion-column-has-shadow fusion-flex-justify-content-flex-start fusion-content-layout-column\"><div class=\"fusion-text fusion-text-3\"><div data-src=\"https:\/\/cdn.trustindex.io\/loader.js?ad44ae313bb42961cf06fe2efe0\"><\/div>\n<\/div><\/div><\/div><\/div><\/div><div class=\"fusion-fullwidth fullwidth-box fusion-builder-row-3 fusion-flex-container nonhundred-percent-fullwidth non-hundred-percent-height-scrolling\" style=\"--awb-border-radius-top-left:0px;--awb-border-radius-top-right:0px;--awb-border-radius-bottom-right:0px;--awb-border-radius-bottom-left:0px;--awb-padding-top:20px;--awb-flex-wrap:wrap;\" ><div class=\"fusion-builder-row fusion-row fusion-flex-align-items-flex-start fusion-flex-content-wrap\" style=\"max-width:1393.6px;margin-left: calc(-4% \/ 2 );margin-right: calc(-4% \/ 2 );\"><div class=\"fusion-layout-column fusion_builder_column fusion-builder-column-2 fusion_builder_column_1_1 1_1 fusion-flex-column\" style=\"--awb-bg-size:cover;--awb-width-large:100%;--awb-margin-top-large:0px;--awb-spacing-right-large:1.92%;--awb-margin-bottom-large:0px;--awb-spacing-left-large:1.92%;--awb-width-medium:100%;--awb-order-medium:0;--awb-spacing-right-medium:1.92%;--awb-spacing-left-medium:1.92%;--awb-width-small:100%;--awb-order-small:0;--awb-spacing-right-small:1.92%;--awb-spacing-left-small:1.92%;\"><div class=\"fusion-column-wrapper fusion-column-has-shadow fusion-flex-justify-content-flex-start fusion-content-layout-column\"><div class=\"fusion-menu-anchor\" id=\"booknow\"><\/div><div class=\"fusion-title title fusion-title-3 fusion-sep-none fusion-title-center fusion-title-text fusion-title-size-div\" style=\"--awb-text-color:var(--awb-color5);--awb-margin-bottom:5px;--awb-font-size:var(--awb-typography2-font-size);\"><div class=\"fusion-title-heading title-heading-center title-heading-tag fusion-responsive-typography-calculated\" style=\"font-family:var(--awb-typography2-font-family);font-weight:var(--awb-typography2-font-weight);font-style:var(--awb-typography2-font-style);margin:0;font-size:1em;letter-spacing:var(--awb-typography2-letter-spacing);text-transform:var(--awb-typography2-text-transform);--fontSize:30;line-height:var(--awb-typography2-line-height);\">\t\t\t Rezervirajte svoje mjesto sada!<\/div><\/div><div class=\"fusion-title title fusion-title-4 fusion-sep-none fusion-title-center fusion-title-text fusion-title-size-two\"><h2 class=\"fusion-title-heading title-heading-center fusion-responsive-typography-calculated\" style=\"margin:0;text-transform:capitalize;--fontSize:54;line-height:var(--awb-typography1-line-height);\">Pripremite se za vrhunac va\u0161eg odmora!<\/h2><\/div><div class=\"fusion-separator\" style=\"align-self: center;margin-left: auto;margin-right: auto;margin-top:15px;margin-bottom:50px;width:100%;max-width:80px;\"><div class=\"fusion-separator-border sep-single sep-solid\" style=\"--awb-height:20px;--awb-amount:20px;border-color:var(--awb-color6);border-top-width:2px;\"><\/div><\/div><script defer=\"\" type=\"text\/javascript\" src=\"https:\/\/istrabuggy.rezdy.com\/pluginJs\"><\/script>\n                <iframe seamless=\"\" width=\"100%\" height=\"1000px\" frameborder=\"0\" class=\"rezdy\" src=\"https:\/\/istrabuggy.rezdy.com\/productsCalendar\/459957?iframe=true\"><\/iframe><\/div><\/div><div class=\"fusion-layout-column fusion_builder_column fusion-builder-column-3 fusion_builder_column_1_1 1_1 fusion-flex-column\" style=\"--awb-bg-size:cover;--awb-width-large:100%;--awb-margin-top-large:0px;--awb-spacing-right-large:1.92%;--awb-margin-bottom-large:20px;--awb-spacing-left-large:1.92%;--awb-width-medium:100%;--awb-order-medium:0;--awb-spacing-right-medium:1.92%;--awb-spacing-left-medium:1.92%;--awb-width-small:100%;--awb-order-small:0;--awb-spacing-right-small:1.92%;--awb-spacing-left-small:1.92%;\"><div class=\"fusion-column-wrapper fusion-column-has-shadow fusion-flex-justify-content-flex-start fusion-content-layout-column\"><\/div><\/div><\/div><\/div><div class=\"fusion-fullwidth fullwidth-box fusion-builder-row-4 fusion-flex-container nonhundred-percent-fullwidth non-hundred-percent-height-scrolling\" style=\"--awb-border-radius-top-left:0px;--awb-border-radius-top-right:0px;--awb-border-radius-bottom-right:0px;--awb-border-radius-bottom-left:0px;--awb-padding-top:20px;--awb-flex-wrap:wrap;\" ><div class=\"fusion-builder-row fusion-row fusion-flex-align-items-flex-start fusion-flex-content-wrap\" style=\"max-width:1393.6px;margin-left: calc(-4% \/ 2 );margin-right: calc(-4% \/ 2 );\"><div class=\"fusion-layout-column fusion_builder_column fusion-builder-column-4 fusion_builder_column_1_1 1_1 fusion-flex-column\" style=\"--awb-bg-size:cover;--awb-width-large:100%;--awb-margin-top-large:0px;--awb-spacing-right-large:1.92%;--awb-margin-bottom-large:0px;--awb-spacing-left-large:1.92%;--awb-width-medium:100%;--awb-order-medium:0;--awb-spacing-right-medium:1.92%;--awb-spacing-left-medium:1.92%;--awb-width-small:100%;--awb-order-small:0;--awb-spacing-right-small:1.92%;--awb-spacing-left-small:1.92%;\"><div class=\"fusion-column-wrapper fusion-column-has-shadow fusion-flex-justify-content-flex-start fusion-content-layout-column\"><div class=\"fusion-menu-anchor\" id=\"contact\"><\/div><div class=\"fusion-title title fusion-title-5 fusion-sep-none fusion-title-center fusion-title-text fusion-title-size-div\" style=\"--awb-text-color:var(--awb-color5);--awb-margin-bottom:5px;--awb-font-size:var(--awb-typography2-font-size);\"><div class=\"fusion-title-heading title-heading-center title-heading-tag fusion-responsive-typography-calculated\" style=\"font-family:var(--awb-typography2-font-family);font-weight:var(--awb-typography2-font-weight);font-style:var(--awb-typography2-font-style);margin:0;font-size:1em;letter-spacing:var(--awb-typography2-letter-spacing);text-transform:var(--awb-typography2-text-transform);--fontSize:30;line-height:var(--awb-typography2-line-height);\">\u010cekamo vas!<\/div><\/div><div class=\"fusion-title title fusion-title-6 fusion-sep-none fusion-title-center fusion-title-text fusion-title-size-two\"><h2 class=\"fusion-title-heading title-heading-center fusion-responsive-typography-calculated\" style=\"margin:0;text-transform:capitalize;--fontSize:54;line-height:var(--awb-typography1-line-height);\">Kako nas prona\u0107i<\/h2><\/div><div class=\"fusion-separator\" style=\"align-self: center;margin-left: auto;margin-right: auto;margin-top:15px;margin-bottom:50px;width:100%;max-width:80px;\"><div class=\"fusion-separator-border sep-single sep-solid\" style=\"--awb-height:20px;--awb-amount:20px;border-color:var(--awb-color6);border-top-width:2px;\"><\/div><\/div><\/div><\/div><\/div><\/div><\/p>\n","protected":false},"excerpt":{"rendered":"","protected":false},"author":1,"featured_media":0,"parent":0,"menu_order":0,"comment_status":"closed","ping_status":"closed","template":"100-width.php","meta":{"_monsterinsights_skip_tracking":false,"_monsterinsights_sitenote_active":false,"_monsterinsights_sitenote_note":"","_monsterinsights_sitenote_category":0,"_joinchat":[],"footnotes":""},"yoast_head":"<!-- This site is optimized with the Yoast SEO plugin v24.5 - https:\/\/yoast.com\/wordpress\/plugins\/seo\/ -->\n<title>Recenzije na\u0161ih avanturista - Istra Buggy Tours<\/title>\n<meta name=\"description\" content=\"If you enjoyed our Istra buggy tour, please share your comments and thoughts and leave us a review. Hvala vam.\" \/>\n<meta name=\"robots\" content=\"index, follow, max-snippet:-1, max-image-preview:large, max-video-preview:-1\" \/>\n<link rel=\"canonical\" href=\"https:\/\/istrabuggy.com\/hr\/recenzije-nasih-avanturista\/\" \/>\n<meta property=\"og:locale\" content=\"hr_HR\" \/>\n<meta property=\"og:type\" content=\"article\" \/>\n<meta property=\"og:title\" content=\"Recenzije na\u0161ih avanturista - Istra Buggy Tours\" \/>\n<meta property=\"og:description\" content=\"If you enjoyed our Istra buggy tour, please share your comments and thoughts and leave us a review. Hvala vam.\" \/>\n<meta property=\"og:url\" content=\"https:\/\/istrabuggy.com\/hr\/recenzije-nasih-avanturista\/\" \/>\n<meta property=\"og:site_name\" content=\"Istra Buggy Tours\" \/>\n<meta property=\"article:publisher\" content=\"https:\/\/www.facebook.com\/istrabuggytours\" \/>\n<meta property=\"article:modified_time\" content=\"2024-04-19T08:15:30+00:00\" \/>\n<meta property=\"og:image\" content=\"https:\/\/istrabuggy.com\/wp-content\/uploads\/2022\/02\/istrabuggytours-e1645124033309.jpg\" \/>\n\t<meta property=\"og:image:width\" content=\"1980\" \/>\n\t<meta property=\"og:image:height\" content=\"1119\" \/>\n\t<meta property=\"og:image:type\" content=\"image\/jpeg\" \/>\n<meta name=\"twitter:card\" content=\"summary_large_image\" \/>\n<meta name=\"twitter:label1\" content=\"Procijenjeno vrijeme \u010ditanja\" \/>\n\t<meta name=\"twitter:data1\" content=\"16 minuta\" \/>\n<script type=\"application\/ld+json\" class=\"yoast-schema-graph\">{\"@context\":\"https:\/\/schema.org\",\"@graph\":[{\"@type\":\"WebPage\",\"@id\":\"https:\/\/istrabuggy.com\/hr\/recenzije-nasih-avanturista\/\",\"url\":\"https:\/\/istrabuggy.com\/hr\/recenzije-nasih-avanturista\/\",\"name\":\"Recenzije na\u0161ih avanturista - Istra Buggy Tours\",\"isPartOf\":{\"@id\":\"https:\/\/istrabuggy.com\/#website\"},\"datePublished\":\"2022-04-20T14:41:13+00:00\",\"dateModified\":\"2024-04-19T08:15:30+00:00\",\"description\":\"If you enjoyed our Istra buggy tour, please share your comments and thoughts and leave us a review. Hvala vam.\",\"breadcrumb\":{\"@id\":\"https:\/\/istrabuggy.com\/hr\/recenzije-nasih-avanturista\/#breadcrumb\"},\"inLanguage\":\"hr\",\"potentialAction\":[{\"@type\":\"ReadAction\",\"target\":[\"https:\/\/istrabuggy.com\/hr\/recenzije-nasih-avanturista\/\"]}]},{\"@type\":\"BreadcrumbList\",\"@id\":\"https:\/\/istrabuggy.com\/hr\/recenzije-nasih-avanturista\/#breadcrumb\",\"itemListElement\":[{\"@type\":\"ListItem\",\"position\":1,\"name\":\"Home\",\"item\":\"https:\/\/istrabuggy.com\/hr\/\"},{\"@type\":\"ListItem\",\"position\":2,\"name\":\"Recenzije na\u0161ih avanturista\"}]},{\"@type\":\"WebSite\",\"@id\":\"https:\/\/istrabuggy.com\/#website\",\"url\":\"https:\/\/istrabuggy.com\/\",\"name\":\"Istra Buggy Tours\",\"description\":\"Guided buggy tours on the heart shaped peninsula\",\"publisher\":{\"@id\":\"https:\/\/istrabuggy.com\/#organization\"},\"potentialAction\":[{\"@type\":\"SearchAction\",\"target\":{\"@type\":\"EntryPoint\",\"urlTemplate\":\"https:\/\/istrabuggy.com\/?s={search_term_string}\"},\"query-input\":{\"@type\":\"PropertyValueSpecification\",\"valueRequired\":true,\"valueName\":\"search_term_string\"}}],\"inLanguage\":\"hr\"},{\"@type\":\"Organization\",\"@id\":\"https:\/\/istrabuggy.com\/#organization\",\"name\":\"SB Fasana d.o.o.\",\"url\":\"https:\/\/istrabuggy.com\/\",\"logo\":{\"@type\":\"ImageObject\",\"inLanguage\":\"hr\",\"@id\":\"https:\/\/istrabuggy.com\/#\/schema\/logo\/image\/\",\"url\":\"https:\/\/istrabuggy.com\/wp-content\/uploads\/2022\/02\/istrabuggytours-e1645124033309.jpg\",\"contentUrl\":\"https:\/\/istrabuggy.com\/wp-content\/uploads\/2022\/02\/istrabuggytours-e1645124033309.jpg\",\"width\":1980,\"height\":1119,\"caption\":\"SB Fasana d.o.o.\"},\"image\":{\"@id\":\"https:\/\/istrabuggy.com\/#\/schema\/logo\/image\/\"},\"sameAs\":[\"https:\/\/www.facebook.com\/istrabuggytours\",\"https:\/\/www.instagram.com\/istrabuggytours\"]}]}<\/script>\n<!-- \/ Yoast SEO plugin. -->","yoast_head_json":{"title":"Recenzije na\u0161ih avanturista - Istra Buggy Tours","description":"If you enjoyed our Istra buggy tour, please share your comments and thoughts and leave us a review. Hvala vam.","robots":{"index":"index","follow":"follow","max-snippet":"max-snippet:-1","max-image-preview":"max-image-preview:large","max-video-preview":"max-video-preview:-1"},"canonical":"https:\/\/istrabuggy.com\/hr\/recenzije-nasih-avanturista\/","og_locale":"hr_HR","og_type":"article","og_title":"Recenzije na\u0161ih avanturista - Istra Buggy Tours","og_description":"If you enjoyed our Istra buggy tour, please share your comments and thoughts and leave us a review. Hvala vam.","og_url":"https:\/\/istrabuggy.com\/hr\/recenzije-nasih-avanturista\/","og_site_name":"Istra Buggy Tours","article_publisher":"https:\/\/www.facebook.com\/istrabuggytours","article_modified_time":"2024-04-19T08:15:30+00:00","og_image":[{"width":1980,"height":1119,"url":"https:\/\/istrabuggy.com\/wp-content\/uploads\/2022\/02\/istrabuggytours-e1645124033309.jpg","type":"image\/jpeg"}],"twitter_card":"summary_large_image","twitter_misc":{"Procijenjeno vrijeme \u010ditanja":"16 minuta"},"schema":{"@context":"https:\/\/schema.org","@graph":[{"@type":"WebPage","@id":"https:\/\/istrabuggy.com\/hr\/recenzije-nasih-avanturista\/","url":"https:\/\/istrabuggy.com\/hr\/recenzije-nasih-avanturista\/","name":"Recenzije na\u0161ih avanturista - Istra Buggy Tours","isPartOf":{"@id":"https:\/\/istrabuggy.com\/#website"},"datePublished":"2022-04-20T14:41:13+00:00","dateModified":"2024-04-19T08:15:30+00:00","description":"If you enjoyed our Istra buggy tour, please share your comments and thoughts and leave us a review. Hvala vam.","breadcrumb":{"@id":"https:\/\/istrabuggy.com\/hr\/recenzije-nasih-avanturista\/#breadcrumb"},"inLanguage":"hr","potentialAction":[{"@type":"ReadAction","target":["https:\/\/istrabuggy.com\/hr\/recenzije-nasih-avanturista\/"]}]},{"@type":"BreadcrumbList","@id":"https:\/\/istrabuggy.com\/hr\/recenzije-nasih-avanturista\/#breadcrumb","itemListElement":[{"@type":"ListItem","position":1,"name":"Home","item":"https:\/\/istrabuggy.com\/hr\/"},{"@type":"ListItem","position":2,"name":"Recenzije na\u0161ih avanturista"}]},{"@type":"WebSite","@id":"https:\/\/istrabuggy.com\/#website","url":"https:\/\/istrabuggy.com\/","name":"Istra Buggy Tours","description":"Guided buggy tours on the heart shaped peninsula","publisher":{"@id":"https:\/\/istrabuggy.com\/#organization"},"potentialAction":[{"@type":"SearchAction","target":{"@type":"EntryPoint","urlTemplate":"https:\/\/istrabuggy.com\/?s={search_term_string}"},"query-input":{"@type":"PropertyValueSpecification","valueRequired":true,"valueName":"search_term_string"}}],"inLanguage":"hr"},{"@type":"Organization","@id":"https:\/\/istrabuggy.com\/#organization","name":"SB Fasana d.o.o.","url":"https:\/\/istrabuggy.com\/","logo":{"@type":"ImageObject","inLanguage":"hr","@id":"https:\/\/istrabuggy.com\/#\/schema\/logo\/image\/","url":"https:\/\/istrabuggy.com\/wp-content\/uploads\/2022\/02\/istrabuggytours-e1645124033309.jpg","contentUrl":"https:\/\/istrabuggy.com\/wp-content\/uploads\/2022\/02\/istrabuggytours-e1645124033309.jpg","width":1980,"height":1119,"caption":"SB Fasana d.o.o."},"image":{"@id":"https:\/\/istrabuggy.com\/#\/schema\/logo\/image\/"},"sameAs":["https:\/\/www.facebook.com\/istrabuggytours","https:\/\/www.instagram.com\/istrabuggytours"]}]}},"_links":{"self":[{"href":"https:\/\/istrabuggy.com\/hr\/wp-json\/wp\/v2\/pages\/2848"}],"collection":[{"href":"https:\/\/istrabuggy.com\/hr\/wp-json\/wp\/v2\/pages"}],"about":[{"href":"https:\/\/istrabuggy.com\/hr\/wp-json\/wp\/v2\/types\/page"}],"author":[{"embeddable":true,"href":"https:\/\/istrabuggy.com\/hr\/wp-json\/wp\/v2\/users\/1"}],"replies":[{"embeddable":true,"href":"https:\/\/istrabuggy.com\/hr\/wp-json\/wp\/v2\/comments?post=2848"}],"version-history":[{"count":5,"href":"https:\/\/istrabuggy.com\/hr\/wp-json\/wp\/v2\/pages\/2848\/revisions"}],"predecessor-version":[{"id":2925,"href":"https:\/\/istrabuggy.com\/hr\/wp-json\/wp\/v2\/pages\/2848\/revisions\/2925"}],"wp:attachment":[{"href":"https:\/\/istrabuggy.com\/hr\/wp-json\/wp\/v2\/media?parent=2848"}],"curies":[{"name":"wp","href":"https:\/\/api.w.org\/{rel}","templated":true}]}}