{"id":2836,"date":"2022-04-20T16:41:13","date_gmt":"2022-04-20T14:41:13","guid":{"rendered":"https:\/\/istrabuggy.com\/bewertungen\/"},"modified":"2024-04-19T09:22:15","modified_gmt":"2024-04-19T07:22:15","slug":"bewertungen","status":"publish","type":"page","link":"https:\/\/istrabuggy.com\/de\/bewertungen\/","title":{"rendered":"Bewertungen"},"content":{"rendered":"<p><div class=\"fusion-fullwidth fullwidth-box fusion-builder-row-1 fusion-flex-container nonhundred-percent-fullwidth non-hundred-percent-height-scrolling\" style=\"--awb-border-radius-top-left:0px;--awb-border-radius-top-right:0px;--awb-border-radius-bottom-right:0px;--awb-border-radius-bottom-left:0px;--awb-padding-top:20px;--awb-padding-bottom:50px;--awb-flex-wrap:wrap;\" ><div class=\"fusion-builder-row fusion-row fusion-flex-align-items-flex-start fusion-flex-content-wrap\" style=\"max-width:1393.6px;margin-left: calc(-4% \/ 2 );margin-right: calc(-4% \/ 2 );\"><div class=\"fusion-layout-column fusion_builder_column fusion-builder-column-0 fusion_builder_column_1_1 1_1 fusion-flex-column\" style=\"--awb-bg-size:cover;--awb-width-large:100%;--awb-margin-top-large:0px;--awb-spacing-right-large:1.92%;--awb-margin-bottom-large:0px;--awb-spacing-left-large:1.92%;--awb-width-medium:100%;--awb-order-medium:0;--awb-spacing-right-medium:1.92%;--awb-spacing-left-medium:1.92%;--awb-width-small:100%;--awb-order-small:0;--awb-spacing-right-small:1.92%;--awb-spacing-left-small:1.92%;\"><div class=\"fusion-column-wrapper fusion-column-has-shadow fusion-flex-justify-content-flex-start fusion-content-layout-column\"><div class=\"fusion-title title fusion-title-1 fusion-sep-none fusion-title-center fusion-title-text fusion-title-size-div\" style=\"--awb-text-color:var(--awb-color5);--awb-margin-bottom:5px;--awb-font-size:var(--awb-typography2-font-size);\"><div class=\"fusion-title-heading title-heading-center title-heading-tag fusion-responsive-typography-calculated\" style=\"font-family:var(--awb-typography2-font-family);font-weight:var(--awb-typography2-font-weight);font-style:var(--awb-typography2-font-style);margin:0;font-size:1em;letter-spacing:var(--awb-typography2-letter-spacing);text-transform:var(--awb-typography2-text-transform);--fontSize:30;line-height:var(--awb-typography2-line-height);\">Hoffe dich wieder zu sehen!<\/div><\/div><div class=\"fusion-title title fusion-title-2 fusion-sep-none fusion-title-center fusion-title-text fusion-title-size-two\"><h2 class=\"fusion-title-heading title-heading-center fusion-responsive-typography-calculated\" style=\"margin:0;text-transform:capitalize;--fontSize:54;line-height:var(--awb-typography1-line-height);\">Hinterlassen Sie uns eine Bewertung<\/h2><\/div><div class=\"fusion-separator\" style=\"align-self: center;margin-left: auto;margin-right: auto;margin-top:15px;margin-bottom:50px;width:100%;max-width:80px;\"><div class=\"fusion-separator-border sep-single sep-solid\" style=\"--awb-height:20px;--awb-amount:20px;border-color:var(--awb-color6);border-top-width:2px;\"><\/div><\/div><div class=\"fusion-text fusion-text-1\"><p><span style=\"font-weight: 400;\">Hier finden Sie echte Eindr\u00fccke und Erfahrungen von Personen, die bereits Teil unseres Buggy-Abenteuers in Istrien waren. Jede Bewertung ist ein Fenster in eine Welt voller Aufregung, Entdeckungen und unvergesslicher Momente, die wir bieten.<\/span><\/p>\n<p><span style=\"font-weight: 400;\">Unsere G\u00e4ste sind unsere gr\u00f6\u00dfte Inspiration und Motivation, jeden Tag noch besser zu sein Von der Fahrt durch versteckte Pfade und der Erkundung alter historischer St\u00e4tten bis zum Genie\u00dfen spektakul\u00e4rer Sonnenunterg\u00e4nge und dem Gef\u00fchl der Freiheit, w\u00e4hrend wir durch die istrianischen Landschaften rasen \u2013 Ihre Geschichten sind es, die dieses Abenteuer lebendig machen.<\/span><\/p>\n<p><span style=\"font-weight: 400;\">Wir sind dankbar f\u00fcr jedes L\u00e4cheln, das wir hervorgerufen haben, jeden Adrenalinschub, den wir ausgel\u00f6st haben, und jede Erinnerung, die wir gemeinsam geschaffen haben. Ihre Bewertungen sind der Beweis, dass wir das Richtige tun, und Motivation, noch st\u00e4rker weiterzumachen.<\/span><\/p>\n<p><span style=\"font-weight: 400;\">Teilen Sie Ihre Erfahrungen, Tipps und Empfehlungen mit zuk\u00fcnftigen Abenteurern. Ihre Worte helfen anderen, den Geist Istriens auf eine einzigartige Weise zu sp\u00fcren \u2013 durch unsere Buggy-Touren.<\/span><\/p>\n<p><span style=\"font-weight: 400;\">Danke an alle, die sich die Zeit genommen haben, uns zu bewerten und ihre Abenteuer zu teilen. Ihr Feedback macht uns stolz und ermutigt uns, ein Erlebnis zu bieten, an das sich jede neue Gruppe von G\u00e4sten lange erinnern wird.<\/span><\/p>\n<p><span style=\"font-weight: 400;\">F\u00fcr alle, die erw\u00e4gen, unserem Abenteuer beizutreten, sind diese Seiten Ihr erster Schritt, um zu entdecken, was Sie erwartet. Lesen Sie, erkunden Sie und geben Sie sich der Aufregung hin, die nur Istrien bieten kann. Wir sehen uns auf den Wegen!<\/span><\/p>\n<\/div><div class=\"fusion-text fusion-text-2\"><h3 class=\"fusion-responsive-typography-calculated\" style=\"text-align: center; --fontsize: 40; line-height: 1.2;\" data-fontsize=\"40\" data-lineheight=\"48px\"><a href=\"https:\/\/g.page\/r\/CZyvgO2MNKFVEAI\/review\" target=\"_blank\" rel=\"noopener noreferrer\">&gt;&gt;&gt; Klicken Sie hier, um uns eine Bewertung auf Google zu hinterlassen &lt;&lt;&lt;<\/a><\/h3>\n<\/div><\/div><\/div><\/div><\/div><div class=\"fusion-fullwidth fullwidth-box fusion-builder-row-2 fusion-flex-container nonhundred-percent-fullwidth non-hundred-percent-height-scrolling\" style=\"--awb-border-radius-top-left:0px;--awb-border-radius-top-right:0px;--awb-border-radius-bottom-right:0px;--awb-border-radius-bottom-left:0px;--awb-flex-wrap:wrap;\" ><div class=\"fusion-builder-row fusion-row fusion-flex-align-items-flex-start fusion-flex-content-wrap\" style=\"max-width:1393.6px;margin-left: calc(-4% \/ 2 );margin-right: calc(-4% \/ 2 );\"><div class=\"fusion-layout-column fusion_builder_column fusion-builder-column-1 fusion_builder_column_1_1 1_1 fusion-flex-column\" style=\"--awb-bg-size:cover;--awb-width-large:100%;--awb-margin-top-large:0px;--awb-spacing-right-large:1.92%;--awb-margin-bottom-large:20px;--awb-spacing-left-large:1.92%;--awb-width-medium:100%;--awb-order-medium:0;--awb-spacing-right-medium:1.92%;--awb-spacing-left-medium:1.92%;--awb-width-small:100%;--awb-order-small:0;--awb-spacing-right-small:1.92%;--awb-spacing-left-small:1.92%;\"><div class=\"fusion-column-wrapper fusion-column-has-shadow fusion-flex-justify-content-flex-start fusion-content-layout-column\"><div class=\"fusion-text fusion-text-3\"><div data-src=\"https:\/\/cdn.trustindex.io\/loader.js?ad44ae313bb42961cf06fe2efe0\"><\/div>\n<\/div><\/div><\/div><\/div><\/div><div class=\"fusion-fullwidth fullwidth-box fusion-builder-row-3 fusion-flex-container nonhundred-percent-fullwidth non-hundred-percent-height-scrolling\" style=\"--awb-border-radius-top-left:0px;--awb-border-radius-top-right:0px;--awb-border-radius-bottom-right:0px;--awb-border-radius-bottom-left:0px;--awb-padding-top:20px;--awb-flex-wrap:wrap;\" ><div class=\"fusion-builder-row fusion-row fusion-flex-align-items-flex-start fusion-flex-content-wrap\" style=\"max-width:1393.6px;margin-left: calc(-4% \/ 2 );margin-right: calc(-4% \/ 2 );\"><div class=\"fusion-layout-column fusion_builder_column fusion-builder-column-2 fusion_builder_column_1_1 1_1 fusion-flex-column\" style=\"--awb-bg-size:cover;--awb-width-large:100%;--awb-margin-top-large:0px;--awb-spacing-right-large:1.92%;--awb-margin-bottom-large:0px;--awb-spacing-left-large:1.92%;--awb-width-medium:100%;--awb-order-medium:0;--awb-spacing-right-medium:1.92%;--awb-spacing-left-medium:1.92%;--awb-width-small:100%;--awb-order-small:0;--awb-spacing-right-small:1.92%;--awb-spacing-left-small:1.92%;\"><div class=\"fusion-column-wrapper fusion-column-has-shadow fusion-flex-justify-content-flex-start fusion-content-layout-column\"><div class=\"fusion-menu-anchor\" id=\"booknow\"><\/div><div class=\"fusion-title title fusion-title-3 fusion-sep-none fusion-title-center fusion-title-text fusion-title-size-div\" style=\"--awb-text-color:var(--awb-color5);--awb-margin-bottom:5px;--awb-font-size:var(--awb-typography2-font-size);\"><div class=\"fusion-title-heading title-heading-center title-heading-tag fusion-responsive-typography-calculated\" style=\"font-family:var(--awb-typography2-font-family);font-weight:var(--awb-typography2-font-weight);font-style:var(--awb-typography2-font-style);margin:0;font-size:1em;letter-spacing:var(--awb-typography2-letter-spacing);text-transform:var(--awb-typography2-text-transform);--fontSize:30;line-height:var(--awb-typography2-line-height);\">Reservieren Sie Jetzt Ihren Platz!<\/div><\/div><div class=\"fusion-title title fusion-title-4 fusion-sep-none fusion-title-center fusion-title-text fusion-title-size-two\"><h2 class=\"fusion-title-heading title-heading-center fusion-responsive-typography-calculated\" style=\"margin:0;text-transform:capitalize;--fontSize:54;line-height:var(--awb-typography1-line-height);\">Machen Sie Sich Bereit F\u00fcr Den H\u00f6hepunkt Ihres Urlaubs<\/h2><\/div><div class=\"fusion-separator\" style=\"align-self: center;margin-left: auto;margin-right: auto;margin-top:15px;margin-bottom:50px;width:100%;max-width:80px;\"><div class=\"fusion-separator-border sep-single sep-solid\" style=\"--awb-height:20px;--awb-amount:20px;border-color:var(--awb-color6);border-top-width:2px;\"><\/div><\/div><script defer=\"\" type=\"text\/javascript\" src=\"https:\/\/istrabuggy.rezdy.com\/pluginJs\"><\/script>\n                <iframe seamless=\"\" width=\"100%\" height=\"1000px\" frameborder=\"0\" class=\"rezdy\" src=\"https:\/\/istrabuggy.rezdy.com\/productsCalendar\/459957?iframe=true\"><\/iframe><\/div><\/div><div class=\"fusion-layout-column fusion_builder_column fusion-builder-column-3 fusion_builder_column_1_1 1_1 fusion-flex-column\" style=\"--awb-bg-size:cover;--awb-width-large:100%;--awb-margin-top-large:0px;--awb-spacing-right-large:1.92%;--awb-margin-bottom-large:20px;--awb-spacing-left-large:1.92%;--awb-width-medium:100%;--awb-order-medium:0;--awb-spacing-right-medium:1.92%;--awb-spacing-left-medium:1.92%;--awb-width-small:100%;--awb-order-small:0;--awb-spacing-right-small:1.92%;--awb-spacing-left-small:1.92%;\"><div class=\"fusion-column-wrapper fusion-column-has-shadow fusion-flex-justify-content-flex-start fusion-content-layout-column\"><\/div><\/div><\/div><\/div><div class=\"fusion-fullwidth fullwidth-box fusion-builder-row-4 fusion-flex-container nonhundred-percent-fullwidth non-hundred-percent-height-scrolling\" style=\"--awb-border-radius-top-left:0px;--awb-border-radius-top-right:0px;--awb-border-radius-bottom-right:0px;--awb-border-radius-bottom-left:0px;--awb-padding-top:20px;--awb-flex-wrap:wrap;\" ><div class=\"fusion-builder-row fusion-row fusion-flex-align-items-flex-start fusion-flex-content-wrap\" style=\"max-width:1393.6px;margin-left: calc(-4% \/ 2 );margin-right: calc(-4% \/ 2 );\"><div class=\"fusion-layout-column fusion_builder_column fusion-builder-column-4 fusion_builder_column_1_1 1_1 fusion-flex-column\" style=\"--awb-bg-size:cover;--awb-width-large:100%;--awb-margin-top-large:0px;--awb-spacing-right-large:1.92%;--awb-margin-bottom-large:0px;--awb-spacing-left-large:1.92%;--awb-width-medium:100%;--awb-order-medium:0;--awb-spacing-right-medium:1.92%;--awb-spacing-left-medium:1.92%;--awb-width-small:100%;--awb-order-small:0;--awb-spacing-right-small:1.92%;--awb-spacing-left-small:1.92%;\"><div class=\"fusion-column-wrapper fusion-column-has-shadow fusion-flex-justify-content-flex-start fusion-content-layout-column\"><div class=\"fusion-menu-anchor\" id=\"contact\"><\/div><div class=\"fusion-title title fusion-title-5 fusion-sep-none fusion-title-center fusion-title-text fusion-title-size-div\" style=\"--awb-text-color:var(--awb-color5);--awb-margin-bottom:5px;--awb-font-size:var(--awb-typography2-font-size);\"><div class=\"fusion-title-heading title-heading-center title-heading-tag fusion-responsive-typography-calculated\" style=\"font-family:var(--awb-typography2-font-family);font-weight:var(--awb-typography2-font-weight);font-style:var(--awb-typography2-font-style);margin:0;font-size:1em;letter-spacing:var(--awb-typography2-letter-spacing);text-transform:var(--awb-typography2-text-transform);--fontSize:30;line-height:var(--awb-typography2-line-height);\">Wir erwarten Sie<\/div><\/div><div class=\"fusion-title title fusion-title-6 fusion-sep-none fusion-title-center fusion-title-text fusion-title-size-two\"><h2 class=\"fusion-title-heading title-heading-center fusion-responsive-typography-calculated\" style=\"margin:0;text-transform:capitalize;--fontSize:54;line-height:var(--awb-typography1-line-height);\">Wie finden Sie uns<\/h2><\/div><div class=\"fusion-separator\" style=\"align-self: center;margin-left: auto;margin-right: auto;margin-top:15px;margin-bottom:50px;width:100%;max-width:80px;\"><div class=\"fusion-separator-border sep-single sep-solid\" style=\"--awb-height:20px;--awb-amount:20px;border-color:var(--awb-color6);border-top-width:2px;\"><\/div><\/div><\/div><\/div><\/div><\/div><\/p>\n","protected":false},"excerpt":{"rendered":"","protected":false},"author":1,"featured_media":0,"parent":0,"menu_order":0,"comment_status":"closed","ping_status":"closed","template":"100-width.php","meta":{"_monsterinsights_skip_tracking":false,"_monsterinsights_sitenote_active":false,"_monsterinsights_sitenote_note":"","_monsterinsights_sitenote_category":0,"_joinchat":[],"footnotes":""},"yoast_head":"<!-- This site is optimized with the Yoast SEO plugin v24.5 - https:\/\/yoast.com\/wordpress\/plugins\/seo\/ -->\n<title>Bewertungen - Istra Buggy Tours<\/title>\n<meta name=\"description\" content=\"If you enjoyed our Istra buggy tour, please share your comments and thoughts and leave us a review. Vielen Dank.\" \/>\n<meta name=\"robots\" content=\"index, follow, max-snippet:-1, max-image-preview:large, max-video-preview:-1\" \/>\n<link rel=\"canonical\" href=\"https:\/\/istrabuggy.com\/de\/bewertungen\/\" \/>\n<meta property=\"og:locale\" content=\"de_DE\" \/>\n<meta property=\"og:type\" content=\"article\" \/>\n<meta property=\"og:title\" content=\"Bewertungen - Istra Buggy Tours\" \/>\n<meta property=\"og:description\" content=\"If you enjoyed our Istra buggy tour, please share your comments and thoughts and leave us a review. Vielen Dank.\" \/>\n<meta property=\"og:url\" content=\"https:\/\/istrabuggy.com\/de\/bewertungen\/\" \/>\n<meta property=\"og:site_name\" content=\"Istra Buggy Tours\" \/>\n<meta property=\"article:publisher\" content=\"https:\/\/www.facebook.com\/istrabuggytours\" \/>\n<meta property=\"article:modified_time\" content=\"2024-04-19T07:22:15+00:00\" \/>\n<meta property=\"og:image\" content=\"https:\/\/istrabuggy.com\/wp-content\/uploads\/2022\/02\/istrabuggytours-e1645124033309.jpg\" \/>\n\t<meta property=\"og:image:width\" content=\"1980\" \/>\n\t<meta property=\"og:image:height\" content=\"1119\" \/>\n\t<meta property=\"og:image:type\" content=\"image\/jpeg\" \/>\n<meta name=\"twitter:card\" content=\"summary_large_image\" \/>\n<meta name=\"twitter:label1\" content=\"Gesch\u00e4tzte Lesezeit\" \/>\n\t<meta name=\"twitter:data1\" content=\"17\u00a0Minuten\" \/>\n<script type=\"application\/ld+json\" class=\"yoast-schema-graph\">{\"@context\":\"https:\/\/schema.org\",\"@graph\":[{\"@type\":\"WebPage\",\"@id\":\"https:\/\/istrabuggy.com\/de\/bewertungen\/\",\"url\":\"https:\/\/istrabuggy.com\/de\/bewertungen\/\",\"name\":\"Bewertungen - Istra Buggy Tours\",\"isPartOf\":{\"@id\":\"https:\/\/istrabuggy.com\/#website\"},\"datePublished\":\"2022-04-20T14:41:13+00:00\",\"dateModified\":\"2024-04-19T07:22:15+00:00\",\"description\":\"If you enjoyed our Istra buggy tour, please share your comments and thoughts and leave us a review. Vielen Dank.\",\"breadcrumb\":{\"@id\":\"https:\/\/istrabuggy.com\/de\/bewertungen\/#breadcrumb\"},\"inLanguage\":\"de\",\"potentialAction\":[{\"@type\":\"ReadAction\",\"target\":[\"https:\/\/istrabuggy.com\/de\/bewertungen\/\"]}]},{\"@type\":\"BreadcrumbList\",\"@id\":\"https:\/\/istrabuggy.com\/de\/bewertungen\/#breadcrumb\",\"itemListElement\":[{\"@type\":\"ListItem\",\"position\":1,\"name\":\"Home\",\"item\":\"https:\/\/istrabuggy.com\/de\/\"},{\"@type\":\"ListItem\",\"position\":2,\"name\":\"Bewertungen\"}]},{\"@type\":\"WebSite\",\"@id\":\"https:\/\/istrabuggy.com\/#website\",\"url\":\"https:\/\/istrabuggy.com\/\",\"name\":\"Istra Buggy Tours\",\"description\":\"Guided buggy tours on the heart shaped peninsula\",\"publisher\":{\"@id\":\"https:\/\/istrabuggy.com\/#organization\"},\"potentialAction\":[{\"@type\":\"SearchAction\",\"target\":{\"@type\":\"EntryPoint\",\"urlTemplate\":\"https:\/\/istrabuggy.com\/?s={search_term_string}\"},\"query-input\":{\"@type\":\"PropertyValueSpecification\",\"valueRequired\":true,\"valueName\":\"search_term_string\"}}],\"inLanguage\":\"de\"},{\"@type\":\"Organization\",\"@id\":\"https:\/\/istrabuggy.com\/#organization\",\"name\":\"SB Fasana d.o.o.\",\"url\":\"https:\/\/istrabuggy.com\/\",\"logo\":{\"@type\":\"ImageObject\",\"inLanguage\":\"de\",\"@id\":\"https:\/\/istrabuggy.com\/#\/schema\/logo\/image\/\",\"url\":\"https:\/\/istrabuggy.com\/wp-content\/uploads\/2022\/02\/istrabuggytours-e1645124033309.jpg\",\"contentUrl\":\"https:\/\/istrabuggy.com\/wp-content\/uploads\/2022\/02\/istrabuggytours-e1645124033309.jpg\",\"width\":1980,\"height\":1119,\"caption\":\"SB Fasana d.o.o.\"},\"image\":{\"@id\":\"https:\/\/istrabuggy.com\/#\/schema\/logo\/image\/\"},\"sameAs\":[\"https:\/\/www.facebook.com\/istrabuggytours\",\"https:\/\/www.instagram.com\/istrabuggytours\"]}]}<\/script>\n<!-- \/ Yoast SEO plugin. -->","yoast_head_json":{"title":"Bewertungen - Istra Buggy Tours","description":"If you enjoyed our Istra buggy tour, please share your comments and thoughts and leave us a review. Vielen Dank.","robots":{"index":"index","follow":"follow","max-snippet":"max-snippet:-1","max-image-preview":"max-image-preview:large","max-video-preview":"max-video-preview:-1"},"canonical":"https:\/\/istrabuggy.com\/de\/bewertungen\/","og_locale":"de_DE","og_type":"article","og_title":"Bewertungen - Istra Buggy Tours","og_description":"If you enjoyed our Istra buggy tour, please share your comments and thoughts and leave us a review. Vielen Dank.","og_url":"https:\/\/istrabuggy.com\/de\/bewertungen\/","og_site_name":"Istra Buggy Tours","article_publisher":"https:\/\/www.facebook.com\/istrabuggytours","article_modified_time":"2024-04-19T07:22:15+00:00","og_image":[{"width":1980,"height":1119,"url":"https:\/\/istrabuggy.com\/wp-content\/uploads\/2022\/02\/istrabuggytours-e1645124033309.jpg","type":"image\/jpeg"}],"twitter_card":"summary_large_image","twitter_misc":{"Gesch\u00e4tzte Lesezeit":"17\u00a0Minuten"},"schema":{"@context":"https:\/\/schema.org","@graph":[{"@type":"WebPage","@id":"https:\/\/istrabuggy.com\/de\/bewertungen\/","url":"https:\/\/istrabuggy.com\/de\/bewertungen\/","name":"Bewertungen - Istra Buggy Tours","isPartOf":{"@id":"https:\/\/istrabuggy.com\/#website"},"datePublished":"2022-04-20T14:41:13+00:00","dateModified":"2024-04-19T07:22:15+00:00","description":"If you enjoyed our Istra buggy tour, please share your comments and thoughts and leave us a review. Vielen Dank.","breadcrumb":{"@id":"https:\/\/istrabuggy.com\/de\/bewertungen\/#breadcrumb"},"inLanguage":"de","potentialAction":[{"@type":"ReadAction","target":["https:\/\/istrabuggy.com\/de\/bewertungen\/"]}]},{"@type":"BreadcrumbList","@id":"https:\/\/istrabuggy.com\/de\/bewertungen\/#breadcrumb","itemListElement":[{"@type":"ListItem","position":1,"name":"Home","item":"https:\/\/istrabuggy.com\/de\/"},{"@type":"ListItem","position":2,"name":"Bewertungen"}]},{"@type":"WebSite","@id":"https:\/\/istrabuggy.com\/#website","url":"https:\/\/istrabuggy.com\/","name":"Istra Buggy Tours","description":"Guided buggy tours on the heart shaped peninsula","publisher":{"@id":"https:\/\/istrabuggy.com\/#organization"},"potentialAction":[{"@type":"SearchAction","target":{"@type":"EntryPoint","urlTemplate":"https:\/\/istrabuggy.com\/?s={search_term_string}"},"query-input":{"@type":"PropertyValueSpecification","valueRequired":true,"valueName":"search_term_string"}}],"inLanguage":"de"},{"@type":"Organization","@id":"https:\/\/istrabuggy.com\/#organization","name":"SB Fasana d.o.o.","url":"https:\/\/istrabuggy.com\/","logo":{"@type":"ImageObject","inLanguage":"de","@id":"https:\/\/istrabuggy.com\/#\/schema\/logo\/image\/","url":"https:\/\/istrabuggy.com\/wp-content\/uploads\/2022\/02\/istrabuggytours-e1645124033309.jpg","contentUrl":"https:\/\/istrabuggy.com\/wp-content\/uploads\/2022\/02\/istrabuggytours-e1645124033309.jpg","width":1980,"height":1119,"caption":"SB Fasana d.o.o."},"image":{"@id":"https:\/\/istrabuggy.com\/#\/schema\/logo\/image\/"},"sameAs":["https:\/\/www.facebook.com\/istrabuggytours","https:\/\/www.instagram.com\/istrabuggytours"]}]}},"_links":{"self":[{"href":"https:\/\/istrabuggy.com\/de\/wp-json\/wp\/v2\/pages\/2836"}],"collection":[{"href":"https:\/\/istrabuggy.com\/de\/wp-json\/wp\/v2\/pages"}],"about":[{"href":"https:\/\/istrabuggy.com\/de\/wp-json\/wp\/v2\/types\/page"}],"author":[{"embeddable":true,"href":"https:\/\/istrabuggy.com\/de\/wp-json\/wp\/v2\/users\/1"}],"replies":[{"embeddable":true,"href":"https:\/\/istrabuggy.com\/de\/wp-json\/wp\/v2\/comments?post=2836"}],"version-history":[{"count":12,"href":"https:\/\/istrabuggy.com\/de\/wp-json\/wp\/v2\/pages\/2836\/revisions"}],"predecessor-version":[{"id":2902,"href":"https:\/\/istrabuggy.com\/de\/wp-json\/wp\/v2\/pages\/2836\/revisions\/2902"}],"wp:attachment":[{"href":"https:\/\/istrabuggy.com\/de\/wp-json\/wp\/v2\/media?parent=2836"}],"curies":[{"name":"wp","href":"https:\/\/api.w.org\/{rel}","templated":true}]}}